{"id":1006,"date":"2024-08-01T14:22:00","date_gmt":"2024-08-01T17:22:00","guid":{"rendered":"https:\/\/glauciamodaintimasje.com.br\/site\/?post_type=product&#038;p=1006"},"modified":"2024-11-06T14:39:21","modified_gmt":"2024-11-06T17:39:21","slug":"calc-cinta-sanny","status":"publish","type":"product","link":"https:\/\/glauciamodaintimasje.com.br\/site\/?product=calc-cinta-sanny","title":{"rendered":"CALC. CINTA SANNY"},"content":{"rendered":"<p>90% POLIAMIDA<\/p>\n<p>10% ELASTANO<\/p>\n<p>FORRO 100% ALGOD\u00c3O<\/p>\n<p>\u00d3TIMA COMPRESS\u00c3O<\/p>\n<p>\u00d3TIMA DURABILIDADE<\/p>\n<p>Tam. P<\/p>\n<p>BEGE<\/p>\n","protected":false},"excerpt":{"rendered":"<p>90% POLIAMIDA 10% ELASTANO FORRO 100% ALGOD\u00c3O \u00d3TIMA COMPRESS\u00c3O \u00d3TIMA DURABILIDADE Tam. P BEGE<\/p>\n","protected":false},"featured_media":1007,"template":"","meta":[],"product_cat":[],"product_tag":[81,71,84,86,43,67,85],"class_list":{"0":"post-1006","1":"product","2":"type-product","3":"status-publish","4":"has-post-thumbnail","6":"product_tag-bege","7":"product_tag-calcinha","8":"product_tag-cinta","9":"product_tag-compressao","10":"product_tag-confortavel","11":"product_tag-nude","12":"product_tag-sanny","14":"first","15":"outofstock","16":"sale","17":"shipping-taxable","18":"purchasable","19":"product-type-simple"},"_links":{"self":[{"href":"https:\/\/glauciamodaintimasje.com.br\/site\/index.php?rest_route=\/wp\/v2\/product\/1006"}],"collection":[{"href":"https:\/\/glauciamodaintimasje.com.br\/site\/index.php?rest_route=\/wp\/v2\/product"}],"about":[{"href":"https:\/\/glauciamodaintimasje.com.br\/site\/index.php?rest_route=\/wp\/v2\/types\/product"}],"wp:featuredmedia":[{"embeddable":true,"href":"https:\/\/glauciamodaintimasje.com.br\/site\/index.php?rest_route=\/wp\/v2\/media\/1007"}],"wp:attachment":[{"href":"https:\/\/glauciamodaintimasje.com.br\/site\/index.php?rest_route=%2Fwp%2Fv2%2Fmedia&parent=1006"}],"wp:term":[{"taxonomy":"product_cat","embeddable":true,"href":"https:\/\/glauciamodaintimasje.com.br\/site\/index.php?rest_route=%2Fwp%2Fv2%2Fproduct_cat&post=1006"},{"taxonomy":"product_tag","embeddable":true,"href":"https:\/\/glauciamodaintimasje.com.br\/site\/index.php?rest_route=%2Fwp%2Fv2%2Fproduct_tag&post=1006"}],"curies":[{"name":"wp","href":"https:\/\/api.w.org\/{rel}","templated":true}]}}