{"id":1001,"date":"2024-08-01T11:55:17","date_gmt":"2024-08-01T14:55:17","guid":{"rendered":"https:\/\/glauciamodaintimasje.com.br\/site\/?post_type=product&#038;p=1001"},"modified":"2025-03-31T11:33:39","modified_gmt":"2025-03-31T14:33:39","slug":"soutien-nadador-del-rio","status":"publish","type":"product","link":"https:\/\/glauciamodaintimasje.com.br\/site\/?product=soutien-nadador-del-rio","title":{"rendered":"SOUTIEN NADADOR DEL RIO"},"content":{"rendered":"<p>CONFORT\u00c1VEL<\/p>\n<p>\u00d3TIMA DURABILIDADE<\/p>\n<p>TRAN\u00c7ADO NAS COSTAS<\/p>\n<p>DETALHES EM RENDA<\/p>\n<p>Tam. 42<\/p>\n<p>PRETO<\/p>\n","protected":false},"excerpt":{"rendered":"<p>CONFORT\u00c1VEL \u00d3TIMA DURABILIDADE TRAN\u00c7ADO NAS COSTAS DETALHES EM RENDA Tam. 42 PRETO<\/p>\n","protected":false},"featured_media":1002,"template":"","meta":[],"product_cat":[245],"product_tag":[54,53,74,65,58,59,83,50,51],"class_list":{"0":"post-1001","1":"product","2":"type-product","3":"status-publish","4":"has-post-thumbnail","6":"product_cat-sutia-nadador","7":"product_tag-alca-regulavel","8":"product_tag-com-bojo","9":"product_tag-del-rio","10":"product_tag-nadador","11":"product_tag-para-usar-com-decote-nas-costas","12":"product_tag-preto","13":"product_tag-renda","14":"product_tag-soutien","15":"product_tag-sutia","17":"first","18":"outofstock","19":"sale","20":"shipping-taxable","21":"purchasable","22":"product-type-simple"},"_links":{"self":[{"href":"https:\/\/glauciamodaintimasje.com.br\/site\/index.php?rest_route=\/wp\/v2\/product\/1001"}],"collection":[{"href":"https:\/\/glauciamodaintimasje.com.br\/site\/index.php?rest_route=\/wp\/v2\/product"}],"about":[{"href":"https:\/\/glauciamodaintimasje.com.br\/site\/index.php?rest_route=\/wp\/v2\/types\/product"}],"wp:featuredmedia":[{"embeddable":true,"href":"https:\/\/glauciamodaintimasje.com.br\/site\/index.php?rest_route=\/wp\/v2\/media\/1002"}],"wp:attachment":[{"href":"https:\/\/glauciamodaintimasje.com.br\/site\/index.php?rest_route=%2Fwp%2Fv2%2Fmedia&parent=1001"}],"wp:term":[{"taxonomy":"product_cat","embeddable":true,"href":"https:\/\/glauciamodaintimasje.com.br\/site\/index.php?rest_route=%2Fwp%2Fv2%2Fproduct_cat&post=1001"},{"taxonomy":"product_tag","embeddable":true,"href":"https:\/\/glauciamodaintimasje.com.br\/site\/index.php?rest_route=%2Fwp%2Fv2%2Fproduct_tag&post=1001"}],"curies":[{"name":"wp","href":"https:\/\/api.w.org\/{rel}","templated":true}]}}